{"id":129,"date":"2022-04-01T10:54:44","date_gmt":"2022-04-01T08:54:44","guid":{"rendered":"http:\/\/claudinemetz.com\/?page_id=129"},"modified":"2022-05-25T14:23:40","modified_gmt":"2022-05-25T12:23:40","slug":"colibri-wp-2","status":"publish","type":"page","link":"https:\/\/claudinemetz.com\/","title":{"rendered":"claudine metz"},"content":{"rendered":"\n<h3>Accompagner vos transitions<\/h3>\n\n\n\n<p>Riche d\u2019une longue exp\u00e9rience couvrant \u00e0 la fois le champ de l\u2019entreprise et le conseil en d\u00e9veloppement personnel individuel, je vous accompagne lors des\u00a0 \u00e9tapes cl\u00e9s de votre vie :<br>Vous accueillez un enfant et tout s\u2018en trouve chamboul\u00e9 ?<br>Vous faites face \u00e0 un deuil difficile \u00e0 surmonter ?<br>Personnel et professionnel,\u00a0tout est m\u00e9lang\u00e9 : vous ne savez plus o\u00f9 vous en \u00eates. Vous avez besoin\u00a0 de prendre du recul, de r\u00e9aligner\u00a0vos\u00a0priorit\u00e9s ?<br>Vous vous sentez perdu.e.s au milieu de situations complexes ? \u00a0Vous \u00eates en recherche de sens ?<br>Je suis l\u00e0 pour vous accompagner, en proximit\u00e9 et dans le respect de qui vous \u00eates.<br>Je vous aide \u00e0 vous situer, \u00e0 r\u00e9\u00e9quilibrer vos vies professionnelle et personnelle, \u00e0 mettre en place des strat\u00e9gies de sant\u00e9 et d\u2019hygi\u00e8ne relationnelle avec votre entourage.<br>Vous \u00eates entrepreneur.e ? Moi aussi. Je connais les moments de joie, de doute, d\u2019enthousiasme\u00a0 par o\u00f9 vous passez et la mani\u00e8re de surmonter les obstacles et les crises.\u00a0<br>Dans toutes ces situations, je vous offre mon \u00e9coute en profondeur.<br>J\u2019ai \u00e0 coeur de vous \u00a0partager mon exp\u00e9rience et vous aider \u00e0 trouver vos ressources.<\/p>\n","protected":false},"excerpt":{"rendered":"<p>Accompagner vos transitions Riche d\u2019une longue exp\u00e9rience couvrant \u00e0 la fois le champ de l\u2019entreprise et le conseil en d\u00e9veloppement personnel individuel, je vous accompagne lors des\u00a0 \u00e9tapes cl\u00e9s de &hellip;<\/p>\n","protected":false},"author":1,"featured_media":0,"parent":0,"menu_order":0,"comment_status":"closed","ping_status":"closed","template":"","meta":[],"_links":{"self":[{"href":"https:\/\/claudinemetz.com\/index.php?rest_route=\/wp\/v2\/pages\/129"}],"collection":[{"href":"https:\/\/claudinemetz.com\/index.php?rest_route=\/wp\/v2\/pages"}],"about":[{"href":"https:\/\/claudinemetz.com\/index.php?rest_route=\/wp\/v2\/types\/page"}],"author":[{"embeddable":true,"href":"https:\/\/claudinemetz.com\/index.php?rest_route=\/wp\/v2\/users\/1"}],"replies":[{"embeddable":true,"href":"https:\/\/claudinemetz.com\/index.php?rest_route=%2Fwp%2Fv2%2Fcomments&post=129"}],"version-history":[{"count":36,"href":"https:\/\/claudinemetz.com\/index.php?rest_route=\/wp\/v2\/pages\/129\/revisions"}],"predecessor-version":[{"id":584,"href":"https:\/\/claudinemetz.com\/index.php?rest_route=\/wp\/v2\/pages\/129\/revisions\/584"}],"wp:attachment":[{"href":"https:\/\/claudinemetz.com\/index.php?rest_route=%2Fwp%2Fv2%2Fmedia&parent=129"}],"curies":[{"name":"wp","href":"https:\/\/api.w.org\/{rel}","templated":true}]}}