{"id":2,"date":"2020-06-17T12:59:15","date_gmt":"2020-06-17T10:59:15","guid":{"rendered":"http:\/\/claudinemetz.com\/?page_id=2"},"modified":"2022-05-16T12:31:11","modified_gmt":"2022-05-16T10:31:11","slug":"page-d-exemple","status":"publish","type":"page","link":"https:\/\/claudinemetz.com\/?page_id=2","title":{"rendered":"Activez le champ des possibles"},"content":{"rendered":"\n<p>Parfois on est \u00e0 la crois\u00e9e des chemins. Avec des choix \u00e0 faire. Un peu perdus. Ou au contraire, apr\u00e8s des ann\u00e9es de routine, d\u2019une vie bien \u00ab&nbsp;rang\u00e9e&nbsp;\u00bb, on a soudain envie de tout envoyer promener\u2026Vous aspirez \u00e0 mieux ? Vous voulez r\u00e9aliser vos r\u00eaves, petits et grands ? Venez vous donner une chance d\u2019entrer dans un espace o\u00f9 tout devient possible.<br>Les Ateliers de la transition ont \u00e9t\u00e9 cr\u00e9\u00e9s pour vous :<\/p>\n\n\n\n<ol><li>1\/2 journ\u00e9e pour oser formuler vos r\u00eaves, sans limites, explorer les images, les sensations, les r\u00e9sonances associ\u00e9es \u00e0 ce r\u00eave. Mat\u00e9rialiser votre vision \u00e0 l\u2019aide de figurines, de petites cartes, de dessins\u2026<br>Activez le champ des possibles !<\/li><li>1\/2 journ\u00e9e pour vous fixer des objectifs concrets, atteignables, r\u00e9alisables, identifier les petits pas sur votre chemin et les ressources \u00e0 votre disposition\u2026<br>Entrez dans l\u2019action !<\/li><li>1\/2 journ\u00e9e pour vous retourner sur votre exp\u00e9rience, envisager les ajustements n\u00e9cessaires, c\u00e9l\u00e9brer vos premiers succ\u00e8s, vous remercier et repartir boost\u00e9.e pour la suite. <br>C\u00e9l\u00e9brez !<\/li><\/ol>\n\n\n\n<p>Travail collectif en groupe de 3 \u00e0 6 personnes maximum. Possibilit\u00e9 de r\u00e9aliser le travail en individuel, sur demande, apr\u00e8s un entretien t\u00e9l\u00e9phonique de cadrage. Travail \u00e9galement possible \u00e0 distance en visio.<\/p>\n","protected":false},"excerpt":{"rendered":"<p>Parfois on est \u00e0 la crois\u00e9e des chemins. Avec des choix \u00e0 faire. Un peu perdus. Ou au contraire, apr\u00e8s des ann\u00e9es de routine, d\u2019une vie bien \u00ab&nbsp;rang\u00e9e&nbsp;\u00bb, on a &hellip;<\/p>\n","protected":false},"author":1,"featured_media":0,"parent":0,"menu_order":0,"comment_status":"closed","ping_status":"closed","template":"","meta":[],"_links":{"self":[{"href":"https:\/\/claudinemetz.com\/index.php?rest_route=\/wp\/v2\/pages\/2"}],"collection":[{"href":"https:\/\/claudinemetz.com\/index.php?rest_route=\/wp\/v2\/pages"}],"about":[{"href":"https:\/\/claudinemetz.com\/index.php?rest_route=\/wp\/v2\/types\/page"}],"author":[{"embeddable":true,"href":"https:\/\/claudinemetz.com\/index.php?rest_route=\/wp\/v2\/users\/1"}],"replies":[{"embeddable":true,"href":"https:\/\/claudinemetz.com\/index.php?rest_route=%2Fwp%2Fv2%2Fcomments&post=2"}],"version-history":[{"count":8,"href":"https:\/\/claudinemetz.com\/index.php?rest_route=\/wp\/v2\/pages\/2\/revisions"}],"predecessor-version":[{"id":530,"href":"https:\/\/claudinemetz.com\/index.php?rest_route=\/wp\/v2\/pages\/2\/revisions\/530"}],"wp:attachment":[{"href":"https:\/\/claudinemetz.com\/index.php?rest_route=%2Fwp%2Fv2%2Fmedia&parent=2"}],"curies":[{"name":"wp","href":"https:\/\/api.w.org\/{rel}","templated":true}]}}