{"id":467,"date":"2022-05-12T10:18:27","date_gmt":"2022-05-12T08:18:27","guid":{"rendered":"http:\/\/claudinemetz.com\/?page_id=467"},"modified":"2022-05-13T11:44:56","modified_gmt":"2022-05-13T09:44:56","slug":"qui-suis-je","status":"publish","type":"page","link":"https:\/\/claudinemetz.com\/?page_id=467","title":{"rendered":"Qui suis-je ?"},"content":{"rendered":"\n<p>Passionn\u00e9e par la musique et les langues, je m\u2019int\u00e9resse depuis toujours \u00e0 la communication entre les gens.<br>Mes voyages\u00a0 m\u2019ont ouvert de larges horizons et j\u2019ai enrichi mon mod\u00e8le du monde au contact de personnes tr\u00e8s diverses.<br>J\u2019ai v\u00e9cu des transitions de vie et de carri\u00e8re, rencontr\u00e9 et surmont\u00e9 des difficult\u00e9s, transform\u00e9 des \u00e9checs en opportunit\u00e9s.\u00a0<br>Je crois au pouvoir des mots et de la parole \u00e9chang\u00e9e\u00a0 pour cr\u00e9er des futurs d\u00e9sirables.<br>J\u2019ai \u00e0 coeur de transmettre toutes ces exp\u00e9riences et vous aider \u00e0 r\u00e9aliser vos r\u00eaves.<\/p>\n","protected":false},"excerpt":{"rendered":"<p>Passionn\u00e9e par la musique et les langues, je m\u2019int\u00e9resse depuis toujours \u00e0 la communication entre les gens.Mes voyages\u00a0 m\u2019ont ouvert de larges horizons et j\u2019ai enrichi mon mod\u00e8le du monde &hellip;<\/p>\n","protected":false},"author":1,"featured_media":0,"parent":0,"menu_order":0,"comment_status":"closed","ping_status":"closed","template":"","meta":[],"_links":{"self":[{"href":"https:\/\/claudinemetz.com\/index.php?rest_route=\/wp\/v2\/pages\/467"}],"collection":[{"href":"https:\/\/claudinemetz.com\/index.php?rest_route=\/wp\/v2\/pages"}],"about":[{"href":"https:\/\/claudinemetz.com\/index.php?rest_route=\/wp\/v2\/types\/page"}],"author":[{"embeddable":true,"href":"https:\/\/claudinemetz.com\/index.php?rest_route=\/wp\/v2\/users\/1"}],"replies":[{"embeddable":true,"href":"https:\/\/claudinemetz.com\/index.php?rest_route=%2Fwp%2Fv2%2Fcomments&post=467"}],"version-history":[{"count":5,"href":"https:\/\/claudinemetz.com\/index.php?rest_route=\/wp\/v2\/pages\/467\/revisions"}],"predecessor-version":[{"id":473,"href":"https:\/\/claudinemetz.com\/index.php?rest_route=\/wp\/v2\/pages\/467\/revisions\/473"}],"wp:attachment":[{"href":"https:\/\/claudinemetz.com\/index.php?rest_route=%2Fwp%2Fv2%2Fmedia&parent=467"}],"curies":[{"name":"wp","href":"https:\/\/api.w.org\/{rel}","templated":true}]}}